{"id":440,"date":"2017-09-13T08:03:08","date_gmt":"2017-09-13T06:03:08","guid":{"rendered":"http:\/\/portal.ticketalcoi.com\/politica-de-privacitat\/"},"modified":"2026-02-06T14:15:33","modified_gmt":"2026-02-06T12:15:33","slug":"politica-de-privadesa","status":"publish","type":"page","link":"https:\/\/home.ticketalcoi.com\/ca\/politica-de-privadesa\/","title":{"rendered":"Pol\u00edtica de privacitat"},"content":{"rendered":"<p>[et_pb_section admin_label=&#8221;section&#8221;][et_pb_row admin_label=&#8221;row&#8221;][et_pb_column type=&#8221;4_4&#8243;][et_pb_text admin_label=&#8221;Texto&#8221; background_layout=&#8221;light&#8221; text_orientation=&#8221;left&#8221; use_border_color=&#8221;off&#8221; border_color=&#8221;#ffffff&#8221; border_style=&#8221;solid&#8221;]<\/p>\n<p><b>Pol\u00edtica de protecci\u00f3 de dades personals<\/b><\/p>\n<p><span style=\"font-weight: 400;\">L&#8217;Ajuntament d&#8217;Alcoi es compromet a respectar la privadesa i confidencialitat de les vostres dades d&#8217;acord amb el qu\u00e8 estableix la Llei 15\/99 de protecci\u00f3 de dades personals i del Reial Decret 1720\/2007 de 21 de desembre pel que s&#8217;aprova el reglament que la desenvolupa.<\/span><\/p>\n<p><b><i>Tractament de les dades<\/i><\/b><\/p>\n<p><span style=\"font-weight: 400;\">L\u2019Ajuntament d&#8217;Alcoi recull \u00fanicament els noms, les adreces personals (de treball o electr\u00f2niques), els n\u00fameros de tel\u00e8fon o qualsevol altra dada de car\u00e0cter personal necess\u00e0ria per a la tramitaci\u00f3 de cadascun dels tr\u00e0mits sol\u00b7licitats que volunt\u00e0riament faci arribar l&#8217;usuari o la usu\u00e0ria.<\/span><\/p>\n<p><span style=\"font-weight: 400;\">L&#8217;Ajuntament d&#8217;Alcoi garanteix la confidencialitat en el tractament de totes les dades de car\u00e0cter personal a les quals tingui acc\u00e9s com a conseq\u00fc\u00e8ncia de cada tr\u00e0mit sol\u00b7licitat.<\/span><\/p>\n<p><span style=\"font-weight: 400;\">En cada cas, l&#8217;Ajuntament demanar\u00e0 \u00fanicament les dades de car\u00e0cter personal necess\u00e0ries per a la tramitaci\u00f3 del servei requerit per l&#8217;usuari. Totes les dades obtingudes i les que es puguin originar com a conseq\u00fc\u00e8ncia de la tramitaci\u00f3 del servei sol\u00b7licitat seran incorporades als fitxers de dades personals corresponents i no seran utilitzades per a finalitats diferents de les que en motivaren l&#8217;obtenci\u00f3.<\/span><\/p>\n<p><span style=\"font-weight: 400;\">Tant els responsables dels fitxers com totes les persones que hagin de con\u00e8ixer qualsevol tipus de dada personal per motius derivats de la tramitaci\u00f3 de la sol\u00b7licitud s\u00f3n coneixedors de la normativa vigent en mat\u00e8ria de protecci\u00f3 de dades personals i estan sotmesos al secret professional, amb un especial comprom\u00eds d&#8217;adoptar els nivells de protecci\u00f3 i les mesures adequades i necess\u00e0ries per garantir-ne la confidencialitat. Aix\u00ed mateix, l&#8217;Ajuntament adopta les mesures t\u00e8cniques i organitzatives necess\u00e0ries per garantir la seguretat de les dades de car\u00e0cter personal i evitar la seva alteraci\u00f3, mal \u00fas, p\u00e8rdua, robatori, tractament o acc\u00e9s no autoritzat.<\/span><\/p>\n<p><span style=\"font-weight: 400;\">L&#8217;Ajuntament d&#8217;Alcoi garanteix que els fitxers que contenen dades personals aix\u00ed com els programes, els equips i els locals que intervenen en el proc\u00e9s de tractament d&#8217;aquestes dades compleixen els requisits de confidencialitat, integritat i seguretat establerts a la normativa vigent.<\/span><\/p>\n<p><b><i>Cessions<\/i><\/b><\/p>\n<p><span style=\"font-weight: 400;\">Les dades de car\u00e0cter personal recollides a la web de <\/span><b><i>ticketalcoi.com<\/i><\/b><span style=\"font-weight: 400;\"> de l&#8217;Ajuntament d&#8217;Alcoi no seran facilitades o comunicades a tercers aliens a aquest Ajuntament llevat que s&#8217;autoritzi de forma expl\u00edcita per part de l&#8217;usuari, que sigui necessari per a la prestaci\u00f3 del servei sol\u00b7licitat o b\u00e9 quan les dades siguin requerides per les autoritats p\u00fabliques competents, de conformitat amb legalitat vigent.<\/span><\/p>\n<p><b><i>Consentiment<\/i><\/b><\/p>\n<p><span style=\"font-weight: 400;\">La sol\u00b7licitud d&#8217;un tr\u00e0mit mitjan\u00e7ant aquest portal implicar\u00e0 l&#8217;acceptaci\u00f3 expressa i sense reserves de la pol\u00edtica de privadesa de dades de car\u00e0cter personal de l&#8217;Ajuntament d&#8217;Alcoi.<\/span><\/p>\n<p><span style=\"font-weight: 400;\">La introducci\u00f3 de les dades de car\u00e0cter personal en qualsevol sol\u00b7licitud per part dels usuaris comportar\u00e0 l&#8217;acceptaci\u00f3 i autoritzaci\u00f3 expressa a l&#8217;Ajuntament per a la seva recollida, per a la incorporaci\u00f3 als fitxers adients per a la seva tramitaci\u00f3 i el seu tractament necessari per resoldre-la. Aix\u00ed mateix tamb\u00e9 comporta l&#8217;acceptaci\u00f3 volunt\u00e0ria de la cessi\u00f3 de les dades \u00fanicament per als casos en qu\u00e8 sigui necess\u00e0ria per a la prestaci\u00f3 del servei sol\u00b7licitat. Finalment la realitzaci\u00f3 de qualsevol sol\u00b7licitud implica l&#8217;autoritzaci\u00f3 per a la conservaci\u00f3 de les dades durant els terminis previstos a les disposicions legals aplicables.<\/span><\/p>\n<p><span style=\"font-weight: 400;\">At\u00e8s que l&#8217;autoritzaci\u00f3 per al tractament i la cessi\u00f3 de les dades t\u00e9 car\u00e0cter voluntari, l&#8217;usuari podr\u00e0 revocar l&#8217;autoritzaci\u00f3 aqu\u00ed concedida, tant pel que fa al tractament com per a la cessi\u00f3 de les dades d&#8217;acord amb el qu\u00e8 estableix la normativa sobre protecci\u00f3 de dades vigent.<\/span><\/p>\n<p><b><i>Drets i obligacions de les persones afectades<\/i><\/b><\/p>\n<p><span style=\"font-weight: 400;\">En qualsevol moment els usuaris d&#8217;aquest portal podran exercir els drets reconeguts a la normativa de protecci\u00f3 de dades i, en particular, els drets d&#8217;acc\u00e9s, rectificaci\u00f3, cancel\u00b7laci\u00f3 i oposici\u00f3 (drets ARCO), aix\u00ed com el dret a revocar el consentiment prestat per a la cessi\u00f3 de les seves dades personals.<\/span><\/p>\n<p><span style=\"font-weight: 400;\">Aquests drets poden ser exercits per l&#8217;usuari o pel seu representant de les seg\u00fcents formes:\u2028<\/span><\/p>\n<ul>\n<li><span style=\"font-weight: 400;\"> Sol\u00b7licitud escrita i signada presencialment a l&#8217;oficina de l\u2019\u00c0rea de Cultura de l&#8217;Ajuntament d&#8217;Alcoi\u2028<\/span><\/li>\n<li><span style=\"font-weight: 400;\"> Per correu postal a la mateixa oficina:\u00a0<\/span><\/li>\n<\/ul>\n<p><span style=\"font-weight: 400;\">\u2028<\/span><b>\u00c0rea de Cultura de l&#8217;Ajuntament d\u2019Alcoi<\/b><\/p>\n<p><span style=\"font-weight: 400;\">Edifici IVAM CADA<\/span><\/p>\n<p>C\/ Rigoberto Albors, 6 i 8<\/p>\n<p>03801 Alcoi<\/p>\n<p>cultura@alcoi.org<\/p>\n<p><b><i>Legislaci\u00f3 aplicable<\/i><\/b><\/p>\n<p><span style=\"font-weight: 400;\">Tota la informaci\u00f3 facilitada en aquest portal mitjan\u00e7ant els formularis que s&#8217;hi presenten est\u00e0 sotmesa al qu\u00e8 estableix la Llei 15\/99 de protecci\u00f3 de dades personals i del Reial Decret 1720\/2007 de 21 de desembre pel que s&#8217;aprova el reglament que la desenvolupa.\u2028<\/span><\/p>\n<p><b><i>Copyright i responsabilitats<\/i><\/b><\/p>\n<p><span style=\"font-weight: 400;\">L&#8217;\u00c0rea de Cultura de l&#8217;Ajuntament d&#8217;Alcoi mant\u00e9 aquest web amb l&#8217;objectiu de facilitar l&#8217;acc\u00e9s a la informaci\u00f3 cultural actualitzada. La informaci\u00f3 proporcionada als actes de l&#8217;agenda cultural organitzats per tercers \u00e9s la que els mateixos organitzadors proporcionen.\u00a0L&#8217;\u00c0rea de Cultura de l&#8217;Ajuntament d&#8217;Alcoi intentar\u00e0 en tot moment corregir els errors que es trobin o s&#8217;assenyalin. \u00c9s per aquest motiu que es demana la col\u00b7laboraci\u00f3 dels usuaris i usu\u00e0ries del portal perqu\u00e8 facin arribar les seves aportacions i suggeriments a trav\u00e9s de l\u2019adre\u00e7a\u00a0<\/span><b>cultura@alcoi.org<\/b><\/p>\n<p><span style=\"font-weight: 400;\">L&#8217;\u00c0rea de Cultura de l&#8217;Ajuntament d&#8217;Alcoi no respon del mal funcionament del sistema quan aquest sigui degut a condicions t\u00e8cniques o a causes imputables a tercers. Aix\u00ed mateix, es reserva el dret d&#8217;alterar la forma d&#8217;acc\u00e9s al web sense previ av\u00eds.<\/span><\/p>\n<p><span style=\"font-weight: 400;\">Aquest web pot contenir refer\u00e8ncies o enlla\u00e7os a webs d&#8217;altres organitzacions. L&#8217;\u00c0rea de Cultura de l&#8217;Ajuntament d&#8217;Alcoi no es responsabilitza ni de l&#8217;exactitud ni de l&#8217;actualitzaci\u00f3 d&#8217;aquests webs externs, ni dels danys i perjudicis que es puguin derivar de l&#8217;exist\u00e8ncia de virus o altres elements que poguessin produir alteracions o danys en els sistemes inform\u00e0tics dels usuaris.<\/span><\/p>\n<p><span style=\"font-weight: 400;\">L&#8217;\u00c0rea de Cultura de l&#8217;Ajuntament d&#8217;Alcoi autoritza la reproducci\u00f3 dels continguts textuals i gr\u00e0fics llevat de si es fa amb finalitats comercials sempre i quan se&#8217;n citi la font i se&#8217;n citin els autors, tamb\u00e9 els dels cr\u00e8dits fotogr\u00e0fics. Els logos, escuts i altres elements de la imatge corporativa s\u00f3n propietat de l&#8217;Ajuntament d&#8217;Alcoi.<\/span><\/p>\n<p>[\/et_pb_text][\/et_pb_column][\/et_pb_row][\/et_pb_section]<\/p>\n","protected":false},"excerpt":{"rendered":"<p>[et_pb_section admin_label=&#8221;section&#8221;][et_pb_row admin_label=&#8221;row&#8221;][et_pb_column type=&#8221;4_4&#8243;][et_pb_text admin_label=&#8221;Texto&#8221; background_layout=&#8221;light&#8221; text_orientation=&#8221;left&#8221; use_border_color=&#8221;off&#8221; border_color=&#8221;#ffffff&#8221; border_style=&#8221;solid&#8221;] Pol\u00edtica de protecci\u00f3 de dades personals L&#8217;Ajuntament d&#8217;Alcoi es compromet a respectar la privadesa i confidencialitat de les vostres dades d&#8217;acord amb el qu\u00e8 estableix la Llei 15\/99 de protecci\u00f3 de dades personals i del Reial Decret 1720\/2007 de 21 de desembre pel que s&#8217;aprova [&hellip;]<\/p>\n","protected":false},"author":117,"featured_media":0,"parent":0,"menu_order":0,"comment_status":"closed","ping_status":"closed","template":"","meta":[],"_links":{"self":[{"href":"https:\/\/home.ticketalcoi.com\/ca\/wp-json\/wp\/v2\/pages\/440"}],"collection":[{"href":"https:\/\/home.ticketalcoi.com\/ca\/wp-json\/wp\/v2\/pages"}],"about":[{"href":"https:\/\/home.ticketalcoi.com\/ca\/wp-json\/wp\/v2\/types\/page"}],"author":[{"embeddable":true,"href":"https:\/\/home.ticketalcoi.com\/ca\/wp-json\/wp\/v2\/users\/117"}],"replies":[{"embeddable":true,"href":"https:\/\/home.ticketalcoi.com\/ca\/wp-json\/wp\/v2\/comments?post=440"}],"version-history":[{"count":3,"href":"https:\/\/home.ticketalcoi.com\/ca\/wp-json\/wp\/v2\/pages\/440\/revisions"}],"predecessor-version":[{"id":21495,"href":"https:\/\/home.ticketalcoi.com\/ca\/wp-json\/wp\/v2\/pages\/440\/revisions\/21495"}],"wp:attachment":[{"href":"https:\/\/home.ticketalcoi.com\/ca\/wp-json\/wp\/v2\/media?parent=440"}],"curies":[{"name":"wp","href":"https:\/\/api.w.org\/{rel}","templated":true}]}}